{"id":208,"date":"2018-05-28T20:43:48","date_gmt":"2018-05-28T20:43:48","guid":{"rendered":"http:\/\/codereporter.de\/?page_id=208"},"modified":"2018-05-28T20:43:48","modified_gmt":"2018-05-28T20:43:48","slug":"datenschutzerklaerung","status":"publish","type":"page","link":"https:\/\/codereporter.de\/?page_id=208","title":{"rendered":"Datenschutzerkl\u00e4rung"},"content":{"rendered":"<h3>\u00dcber diese Seite<\/h3>\n<p>Die Adresse meines Blogs ist: https:\/\/codereporter.de. Es ist eine pers\u00f6nliche Website von Thomas Strothjohann.<\/p>\n<h3>Welche personenbezogenen Daten ich sammle und warum<\/h3>\n<h4>Kommentare<\/h4>\n<p>Wenn Besucher Kommentare auf der Website schreiben, sammel ich die Daten, die im Kommentar-Formular angezeigt werden, au\u00dferdem die IP-Adresse des Besuchers und den User-Agent-String (damit wird der Browser identifiziert), um die Erkennung von Spam zu unterst\u00fctzen.<\/p>\n<h4>Cookies<\/h4>\n<p>Wenn du einen Kommentar auf dieser Website schreibst, kann das eine Einwilligung sein, deinen Namen, E-Mail-Adresse und Website in Cookies zu speichern. Dies ist eine Komfortfunktion, damit du nicht, wenn du einen weiteren Kommentar schreibst, all diese Daten erneut eingeben musst. Diese Cookies werden ein Jahr lang gespeichert.<\/p>\n<p>Falls du ein Konto hast und dich auf dieser Website anmeldest, setze ich ein tempor\u00e4res Cookie, um festzustellen, ob dein Browser Cookies akzeptiert. Dieses Cookie enth\u00e4lt keine personenbezogenen Daten und wird verworfen, wenn du deinen Browser schlie\u00dft.<\/p>\n<p>Wenn du dich anmeldest, werde ich einige Cookies einrichten, um deine Anmeldeinformationen und Anzeigeoptionen zu speichern. Anmelde-Cookies verfallen nach zwei Tagen und Cookies f\u00fcr die Anzeigeoptionen nach einem Jahr. Falls du bei der Anmeldung \u201eAngemeldet bleiben\u201c ausw\u00e4hlst, wird deine Anmeldung zwei Wochen lang aufrechterhalten. Mit der Abmeldung aus deinem Konto werden die Anmelde-Cookies gel\u00f6scht.<\/p>\n<p>Wenn du einen Artikel bearbeitest oder ver\u00f6ffentlichst, wird ein zus\u00e4tzlicher Cookie in deinem Browser gespeichert. Dieser Cookie enth\u00e4lt keine personenbezogenen Daten und verweist nur auf die Beitrags-ID des Artikels, den du gerade bearbeitet hast. Der Cookie verf\u00e4llt nach einem Tag.<\/p>\n<h3>Eingebettete Inhalte von anderen Websites<\/h3>\n<p>Beitr\u00e4ge auf dieser Website k\u00f6nnen eingebettete Inhalte beinhalten (z.\u00a0B. Videos, Bilder, Beitr\u00e4ge, Tweets, Facebook-Posts, etc.). Eingebettete Inhalte von anderen Websites verhalten sich exakt so, als ob der Besucher die andere Website besucht h\u00e4tte.<\/p>\n<p>Diese Websites k\u00f6nnen Daten \u00fcber dich sammeln, Cookies benutzen, zus\u00e4tzliche Tracking-Dienste von Dritten einbetten und deine Interaktion mit diesem eingebetteten Inhalt aufzeichnen, inklusive deiner Interaktion mit dem eingebetteten Inhalt, falls du ein Konto hast und auf dieser Website angemeldet bist.<\/p>\n<h3>Mit wem ich deine Daten teilen<\/h3>\n<p>Diese Seite wird von in Deutschland von Strato gehostet. Ich habe einen Vertrag mit Strato abgeschlossen, in dem mir das Unternehmen zusichert, eventuell erhobene personenbezogene Daten DSGVO-konform zu verarbeiten. Es geht hier vor allem um Daten wie deine IP-Adresse, die der Hoster schon beim Aufruf der Seite logt. Au\u00dferdem erstellt Strato automatisierte Backups der Seite, was auch eventuell verfasste Kommentare und Kontaktanfragen beinhalten w\u00fcrde.<\/p>\n<h3>Wie lange ich deine Daten speichere<\/h3>\n<p>Wenn du einen Kommentar schreibst, wird dieser inklusive Metadaten zeitlich unbegrenzt gespeichert. Auf diese Art kann ich Folgekommentare automatisch erkennen und freigeben, anstelle sie in einer Moderations-Warteschlange festzuhalten.<\/p>\n<p>F\u00fcr Benutzer, die sich auf dieser Website registrieren, speichere ich zus\u00e4tzlich die pers\u00f6nlichen Informationen, die sie in ihren Benutzerprofilen angeben. Alle Benutzer k\u00f6nnen jederzeit ihre pers\u00f6nlichen Informationen einsehen, ver\u00e4ndern oder l\u00f6schen (der Benutzername kann nicht ver\u00e4ndert werden). Administratoren der Website k\u00f6nnen diese Informationen ebenfalls einsehen und ver\u00e4ndern.<\/p>\n<h3>Welche Rechte du an deinen Daten hast<\/h3>\n<p>Wenn du ein Konto auf dieser Website besitzt oder Kommentare geschrieben hast, kannst du einen Export deiner personenbezogenen Daten bei mir anfordern, inklusive aller Daten, die du mir mitgeteilt hast. Dar\u00fcber hinaus kannst du die L\u00f6schung aller personenbezogenen Daten, die ich von dir gespeichert habe, anfordern. Dies umfasst nicht die Daten, die ich aufgrund administrativer, rechtlicher oder sicherheitsrelevanter Notwendigkeiten aufbewahren muss.<\/p>\n<h3>Meine Kontakt-Informationen:<\/h3>\n<p>Thomas Strothjohann<br \/>\nthomas [\u00e4t] codereporter.de<\/p>\n","protected":false},"excerpt":{"rendered":"<p>\u00dcber diese Seite Die Adresse meines Blogs ist: https:\/\/codereporter.de. Es ist eine pers\u00f6nliche Website von Thomas Strothjohann. Welche personenbezogenen Daten ich sammle und warum Kommentare Wenn Besucher Kommentare auf der Website schreiben, sammel ich die Daten, die im Kommentar-Formular angezeigt werden, au\u00dferdem die IP-Adresse des Besuchers und den User-Agent-String (damit wird der Browser identifiziert), um&hellip; <a class=\"more-link\" href=\"https:\/\/codereporter.de\/?page_id=208\"><span class=\"screen-reader-text\">Datenschutzerkl\u00e4rung<\/span> weiterlesen<\/a><\/p>\n","protected":false},"author":2,"featured_media":0,"parent":0,"menu_order":0,"comment_status":"closed","ping_status":"closed","template":"","meta":[],"_links":{"self":[{"href":"https:\/\/codereporter.de\/index.php?rest_route=\/wp\/v2\/pages\/208"}],"collection":[{"href":"https:\/\/codereporter.de\/index.php?rest_route=\/wp\/v2\/pages"}],"about":[{"href":"https:\/\/codereporter.de\/index.php?rest_route=\/wp\/v2\/types\/page"}],"author":[{"embeddable":true,"href":"https:\/\/codereporter.de\/index.php?rest_route=\/wp\/v2\/users\/2"}],"replies":[{"embeddable":true,"href":"https:\/\/codereporter.de\/index.php?rest_route=%2Fwp%2Fv2%2Fcomments&post=208"}],"version-history":[{"count":2,"href":"https:\/\/codereporter.de\/index.php?rest_route=\/wp\/v2\/pages\/208\/revisions"}],"predecessor-version":[{"id":210,"href":"https:\/\/codereporter.de\/index.php?rest_route=\/wp\/v2\/pages\/208\/revisions\/210"}],"wp:attachment":[{"href":"https:\/\/codereporter.de\/index.php?rest_route=%2Fwp%2Fv2%2Fmedia&parent=208"}],"curies":[{"name":"wp","href":"https:\/\/api.w.org\/{rel}","templated":true}]}}